{"id":3203,"date":"2018-09-28T08:26:34","date_gmt":"2018-09-28T06:26:34","guid":{"rendered":"http:\/\/test.peoplefirst.hu\/contact\/"},"modified":"2025-07-03T12:13:57","modified_gmt":"2025-07-03T10:13:57","slug":"contact","status":"publish","type":"page","link":"https:\/\/peoplefirst.hu\/en\/contact\/","title":{"rendered":"Contact"},"content":{"rendered":"<p>Name: People First K\u00f6zhaszn\u00fa Egyes\u00fclet &#8211; P\u00e9cs \/People First Public Benefit Association &#8211; P\u00e9cs<\/p>\n<p>President: Veronika Pataki<br \/>\npatakiv@peoplefirst.hu<br \/>\n<img decoding=\"async\" loading=\"lazy\" class=\"wp-image-1717 alignleft\" src=\"https:\/\/peoplefirst.hu\/wp-content\/uploads\/2021\/05\/Fot\u00f3-Veronika-300x280.jpg\" alt=\"\" width=\"137\" height=\"128\" srcset=\"https:\/\/peoplefirst.hu\/wp-content\/uploads\/2021\/05\/Fot\u00f3-Veronika-300x280.jpg 300w, https:\/\/peoplefirst.hu\/wp-content\/uploads\/2021\/05\/Fot\u00f3-Veronika.jpg 461w\" sizes=\"(max-width: 137px) 100vw, 137px\" \/><\/p>\n<p>&nbsp;<\/p>\n<p>&nbsp;<\/p>\n<p>&nbsp;<\/p>\n<p>Vice-President: Gerg\u0151 Berkes<br \/>\nberkesg@peoplefirst.hu<br \/>\n<img decoding=\"async\" loading=\"lazy\" class=\"alignnone wp-image-1714\" style=\"font-size: 1rem;\" src=\"https:\/\/peoplefirst.hu\/wp-content\/uploads\/2021\/05\/Fot\u00f3-Gerg\u0151.jpg\" alt=\"\" width=\"132\" height=\"143\" \/><\/p>\n<p>Member of the Board: Hilda Kerekes<br \/>\nkerekesh@peoplefirst.hu<br \/>\n<img decoding=\"async\" loading=\"lazy\" class=\"alignnone wp-image-1718\" src=\"https:\/\/peoplefirst.hu\/wp-content\/uploads\/2021\/05\/Fot\u00f3-Hilda-2-220x300.jpg\" alt=\"\" width=\"130\" height=\"177\" srcset=\"https:\/\/peoplefirst.hu\/wp-content\/uploads\/2021\/05\/Fot\u00f3-Hilda-2-220x300.jpg 220w, https:\/\/peoplefirst.hu\/wp-content\/uploads\/2021\/05\/Fot\u00f3-Hilda-2.jpg 243w\" sizes=\"(max-width: 130px) 100vw, 130px\" \/><\/p>\n<p>Member of the Board: Zolt\u00e1n Borsodi<br \/>\nborsodiz@peoplefirst.hu<br \/>\n<a href=\"https:\/\/peoplefirst.hu\/wp-content\/uploads\/2021\/05\/clipimage.jpg\"><img decoding=\"async\" loading=\"lazy\" class=\"alignnone wp-image-1709\" src=\"https:\/\/peoplefirst.hu\/wp-content\/uploads\/2021\/05\/clipimage-150x150.jpg\" alt=\"ZB\" width=\"132\" height=\"132\" \/><\/a><\/p>\n<p>Email: info@peoplefirst.hu<\/p>\n<p>Web: <a href=\"http:\/\/www.peoplefirst.hu\/\" target=\"_blank\" rel=\"noopener\" data-saferedirecturl=\"https:\/\/www.google.com\/url?q=http:\/\/www.peoplefirst.hu&amp;source=gmail&amp;ust=1539506707289000&amp;usg=AFQjCNH541rw6zhZ5B7xJbsRmaFv8R7_oQ\">www.peoplefirst.hu<\/a><\/p>\n<p>Facebook: <a href=\"https:\/\/www.facebook.com\/PeopleFirstHun\/\" target=\"_blank\" rel=\"noopener\" data-saferedirecturl=\"https:\/\/www.google.com\/url?q=https:\/\/www.facebook.com\/PeopleFirstHun\/&amp;source=gmail&amp;ust=1539506707289000&amp;usg=AFQjCNE5GxaNPfeDTwr3pqEsZjuPA3stxw\">https:\/\/www.facebook.com\/<wbr \/>PeopleFirstHun\/<\/a><\/p>\n<p>Instagram: <a href=\"https:\/\/www.instagram.com\/peoplefirstpecs\/\" target=\"_blank\" rel=\"noopener\">peoplefirstpecs<\/a><\/p>\n<p>Youtube channel:\u00a0<a href=\"http:\/\/www.youtube.com\/@peoplefirstpecs\">http:\/\/www.youtube.com\/@peoplefirstpecs<\/a><\/p>\n<p>LinkedIn:\u00a0<a href=\"https:\/\/www.linkedin.com\/in\/veronika-pataki-323030a0\/\">https:\/\/www.linkedin.com\/in\/veronika-pataki-323030a0\/<\/a><\/p>\n<p><a href=\"http:\/\/peoplefirst.hu\/kapcsolat\/kapcsolat-urlap\/\">Send us a message<\/a>\u00a0\ud83d\ude42<\/p>\n<p>&nbsp;<\/p>\n","protected":false},"excerpt":{"rendered":"<p>Name: People First K\u00f6zhaszn\u00fa Egyes\u00fclet &#8211; P\u00e9cs \/People First Public Benefit Association &#8211; P\u00e9cs President: Veronika Pataki patakiv@peoplefirst.hu &nbsp; &nbsp; &nbsp; Vice-President: Gerg\u0151 Berkes berkesg@peoplefirst.hu Member of the Board: Hilda Kerekes kerekesh@peoplefirst.hu Member of the Board: Zolt\u00e1n Borsodi borsodiz@peoplefirst.hu Email: info@peoplefirst.hu Web: www.peoplefirst.hu Facebook: https:\/\/www.facebook.com\/PeopleFirstHun\/ Instagram: peoplefirstpecs Youtube channel:\u00a0http:\/\/www.youtube.com\/@peoplefirstpecs LinkedIn:\u00a0https:\/\/www.linkedin.com\/in\/veronika-pataki-323030a0\/ Send us a message\u00a0\ud83d\ude42 &nbsp;<\/p>\n","protected":false},"author":2,"featured_media":0,"parent":0,"menu_order":0,"comment_status":"closed","ping_status":"closed","template":"","meta":{"_monsterinsights_skip_tracking":false,"_monsterinsights_sitenote_active":false,"_monsterinsights_sitenote_note":"","_monsterinsights_sitenote_category":0,"_uf_show_specific_survey":0,"_uf_disable_surveys":false,"footnotes":""},"aioseo_notices":[],"_links":{"self":[{"href":"https:\/\/peoplefirst.hu\/en\/wp-json\/wp\/v2\/pages\/3203"}],"collection":[{"href":"https:\/\/peoplefirst.hu\/en\/wp-json\/wp\/v2\/pages"}],"about":[{"href":"https:\/\/peoplefirst.hu\/en\/wp-json\/wp\/v2\/types\/page"}],"author":[{"embeddable":true,"href":"https:\/\/peoplefirst.hu\/en\/wp-json\/wp\/v2\/users\/2"}],"replies":[{"embeddable":true,"href":"https:\/\/peoplefirst.hu\/en\/wp-json\/wp\/v2\/comments?post=3203"}],"version-history":[{"count":3,"href":"https:\/\/peoplefirst.hu\/en\/wp-json\/wp\/v2\/pages\/3203\/revisions"}],"predecessor-version":[{"id":6786,"href":"https:\/\/peoplefirst.hu\/en\/wp-json\/wp\/v2\/pages\/3203\/revisions\/6786"}],"wp:attachment":[{"href":"https:\/\/peoplefirst.hu\/en\/wp-json\/wp\/v2\/media?parent=3203"}],"curies":[{"name":"wp","href":"https:\/\/api.w.org\/{rel}","templated":true}]}}