{"id":3207,"date":"2018-09-28T08:28:00","date_gmt":"2018-09-28T06:28:00","guid":{"rendered":"http:\/\/test.peoplefirst.hu\/imprint\/"},"modified":"2023-10-21T17:26:42","modified_gmt":"2023-10-21T15:26:42","slug":"imprint","status":"publish","type":"page","link":"https:\/\/peoplefirst.hu\/en\/imprint\/","title":{"rendered":"Imprint"},"content":{"rendered":"<p dir=\"ltr\">Accordance to the Hungarian\u00a0<a dir=\"ltr\" href=\"http:\/\/www.lawandtranslation.com\/szolgaltatasaink\/jogszabalyok\/2001evi108\">Act CVIII of 2001 on certain issues of electronic commerce services and information society services<\/a><\/p>\n<p><span style=\"font-weight: 400;\"><strong>Hosting provider:<\/strong><br \/>\nMicrosoft Corporation \u2013 Azure Services<br \/>\nOne Microsoft Court, South County Business Park,<br \/>\nLeopardstown, Dublin 18, D18 DH6k Ireland<br \/>\nhttps:\/\/azure.microsoft.com\/en-us\/support\/legal\/subscription-agreement\/<br \/>\nhttps:\/\/azure.microsoft.com\/en-us\/support\/trust-center\/privacy\/<br \/>\n<\/span><\/p>\n<p dir=\"ltr\"><strong>Provider:<\/strong><br \/>\nPeople First \u2013 A T\u00e1rsadalmi Elfogad\u00e1s\u00e9rt- Magyarorsz\u00e1gi K\u00f6zponti Egyes\u00fclet<br \/>\n7621 P\u00e9cs, Szent M\u00f3r u. 16.<br \/>\nEmail: <a href=\"mailto:pfpecs@gmail.com\" target=\"_blank\" rel=\"noopener\">pfpecs@gmail.com<\/a><br \/>\nFacebook: <a href=\"https:\/\/www.facebook.com\/PeopleFirstHun\/\" target=\"_blank\" rel=\"noopener\" data-saferedirecturl=\"https:\/\/www.google.com\/url?q=https:\/\/www.facebook.com\/PeopleFirstHun\/&amp;source=gmail&amp;ust=1539418720062000&amp;usg=AFQjCNGYmmh0TPv5mPay1bTyjWRU38Evsg\">https:\/\/www.facebook.com\/<wbr \/>PeopleFirstHun\/<\/a><br \/>\nInstagram: peoplefirstpecs<br \/>\nYoutube:\u00a0<a href=\"https:\/\/www.youtube.com\/channel\/UCVGNxSt-CPxT716TUM8lsvg\">https:\/\/www.youtube.com\/channel\/UCVGNxSt-CPxT716TUM8lsvg<\/a><\/p>\n<p dir=\"ltr\">Represented by:<br \/>\nVeronika Pataki, president<\/p>\n<p dir=\"ltr\">Tax number: 18027158-1-02<br \/>\nCourt registration number: 02-02-0001955<br \/>\nYear of Foundation: 2008<\/p>\n<p dir=\"ltr\"><em>Data Protection Officer:<\/em><br \/>\nVeronika Pataki<\/p>\n<p dir=\"ltr\"><em>Responsible for the content:<\/em><br \/>\nVeronika Pataki<\/p>\n<p dir=\"ltr\"><em>Copyright of pictures used:<\/em><br \/>\nPeople First &#8211; A T\u00e1rsadalmi Elfogad\u00e1s\u00e9rt- Magyarorsz\u00e1gi K\u00f6zponti Egyes\u00fclet<\/p>\n","protected":false},"excerpt":{"rendered":"<p>Accordance to the Hungarian\u00a0Act CVIII of 2001 on certain issues of electronic commerce services and information society services Hosting provider: Microsoft Corporation \u2013 Azure Services One Microsoft Court, South County Business Park, Leopardstown, Dublin 18, D18 DH6k Ireland https:\/\/azure.microsoft.com\/en-us\/support\/legal\/subscription-agreement\/ https:\/\/azure.microsoft.com\/en-us\/support\/trust-center\/privacy\/ Provider: People First \u2013 A T\u00e1rsadalmi Elfogad\u00e1s\u00e9rt- Magyarorsz\u00e1gi K\u00f6zponti Egyes\u00fclet 7621 P\u00e9cs, Szent M\u00f3r u. [&hellip;]<\/p>\n","protected":false},"author":2,"featured_media":0,"parent":0,"menu_order":0,"comment_status":"closed","ping_status":"closed","template":"","meta":{"_monsterinsights_skip_tracking":false,"_monsterinsights_sitenote_active":false,"_monsterinsights_sitenote_note":"","_monsterinsights_sitenote_category":0,"_uf_show_specific_survey":0,"_uf_disable_surveys":false,"footnotes":""},"aioseo_notices":[],"_links":{"self":[{"href":"https:\/\/peoplefirst.hu\/en\/wp-json\/wp\/v2\/pages\/3207"}],"collection":[{"href":"https:\/\/peoplefirst.hu\/en\/wp-json\/wp\/v2\/pages"}],"about":[{"href":"https:\/\/peoplefirst.hu\/en\/wp-json\/wp\/v2\/types\/page"}],"author":[{"embeddable":true,"href":"https:\/\/peoplefirst.hu\/en\/wp-json\/wp\/v2\/users\/2"}],"replies":[{"embeddable":true,"href":"https:\/\/peoplefirst.hu\/en\/wp-json\/wp\/v2\/comments?post=3207"}],"version-history":[{"count":3,"href":"https:\/\/peoplefirst.hu\/en\/wp-json\/wp\/v2\/pages\/3207\/revisions"}],"predecessor-version":[{"id":4950,"href":"https:\/\/peoplefirst.hu\/en\/wp-json\/wp\/v2\/pages\/3207\/revisions\/4950"}],"wp:attachment":[{"href":"https:\/\/peoplefirst.hu\/en\/wp-json\/wp\/v2\/media?parent=3207"}],"curies":[{"name":"wp","href":"https:\/\/api.w.org\/{rel}","templated":true}]}}