{"id":3211,"date":"2018-09-28T09:01:23","date_gmt":"2018-09-28T07:01:23","guid":{"rendered":"http:\/\/test.peoplefirst.hu\/blog\/"},"modified":"2018-09-28T09:01:23","modified_gmt":"2018-09-28T09:01:23","slug":"blog","status":"publish","type":"page","link":"https:\/\/peoplefirst.hu\/en\/blog\/","title":{"rendered":"Blog"},"content":{"rendered":"\n\t<div id=\"wpbaw-blog-1\" class=\"blogfree-plugin blog-clearfix \">\n\t\n\t\t\t\t<div id=\"post-7148\" class=\"blog type-blog blog-clearfix wpbaw-blog-class blog-col-0 has-date no-thumb\">\n\t\t\t<div class=\"blog-inner-wrap-view blog-clearfix\">\n\t\t\t\t\n\t\t\t\t<div class=\"blog-content\">\n\t\t\t\t\t\t\t\t\t\t\t<div class=\"grid-category-post\">\n\t\t\t\t\t\t\t<a href=\"https:\/\/peoplefirst.hu\/en\/blog-category\/blog\/\">Blog<\/a>\t\t\t\t\t\t<\/div>\n\t\t\t\t\t\t\t\t\t\t\t\t\t<div class=\"blog-author\">\n\t\t\t\t\t\t\t\t\t\t\t\t\t\t\t\t\t<span>\n\t\t\t\t\t\t\t\t\t\tBy <a href=\"https:\/\/peoplefirst.hu\/en\/author\/pataki-veronika\/\" target=\"_self\">Pataki Veronika<\/a>\n\t\t\t\t\t\t\t\t\t<\/span>\n\t\t\t\t\t\t\t\t \/ 2026-02-08\t\t\t\t\t\t\t<\/div>\n\t\t\t\t\t\t\n\t\t\t\t\t<div class=\"post-content-text\">\n\t\t\t\t\t\t\t\t\t\t\t\t<h3 class=\"blog-title\"><a href=\"https:\/\/peoplefirst.hu\/en\/blog-post\/the-nightmare-of-air-travel-my-wheelchair-was-lost-and-with-it-my-independence\/\" rel=\"bookmark\">The nightmare of air travel: my wheelchair was lost and with it my independence<\/a><\/h3>\n\t\t\t\t\t\t\t\t\t\t\t\t<div class=\"blog-content-excerpt\">\n\t\t\t\t\t\t\t\t\t\t\t\t\t\t\t<p class=\"blog-short-content\">Our member travels a lot and, as a wheelchair user faces its advantages and disadvantages. His shocking case from an...<\/p>\n\t\t\t\t\t\t\t\t<a href=\"https:\/\/peoplefirst.hu\/en\/blog-post\/the-nightmare-of-air-travel-my-wheelchair-was-lost-and-with-it-my-independence\/\" class=\"blog-more-link\"> Read More<\/a>\n\t\t\t\t\t\t\t\t\t\t\t\t\t<\/div>\n\t\t\t\t\t\t\t\t\t\t\t<\/div>\n\t\t\t\t<\/div>\n\t\t\t<\/div>\n\t\t<\/div>\n\t\t\t\t<div id=\"post-6968\" class=\"blog type-blog blog-clearfix wpbaw-blog-class blog-col-0 has-date no-thumb\">\n\t\t\t<div class=\"blog-inner-wrap-view blog-clearfix\">\n\t\t\t\t\n\t\t\t\t<div class=\"blog-content\">\n\t\t\t\t\t\t\t\t\t\t\t<div class=\"grid-category-post\">\n\t\t\t\t\t\t\t<a href=\"https:\/\/peoplefirst.hu\/en\/blog-category\/blog\/\">Blog<\/a>\t\t\t\t\t\t<\/div>\n\t\t\t\t\t\t\t\t\t\t\t\t\t<div class=\"blog-author\">\n\t\t\t\t\t\t\t\t\t\t\t\t\t\t\t\t\t<span>\n\t\t\t\t\t\t\t\t\t\tBy <a href=\"https:\/\/peoplefirst.hu\/en\/author\/pataki-veronika\/\" target=\"_self\">Pataki Veronika<\/a>\n\t\t\t\t\t\t\t\t\t<\/span>\n\t\t\t\t\t\t\t\t \/ 2025-09-09\t\t\t\t\t\t\t<\/div>\n\t\t\t\t\t\t\n\t\t\t\t\t<div class=\"post-content-text\">\n\t\t\t\t\t\t\t\t\t\t\t\t<h3 class=\"blog-title\"><a href=\"https:\/\/peoplefirst.hu\/en\/blog-post\/accessibility-in-south-korea-progress-challenges-and-changing-social-attitudes\/\" rel=\"bookmark\">Accessibility in South Korea: Progress, Challenges, and Changing Social Attitudes<\/a><\/h3>\n\t\t\t\t\t\t\t\t\t\t\t\t<div class=\"blog-content-excerpt\">\n\t\t\t\t\t\t\t\t\t\t\t\t\t\t\t<p class=\"blog-short-content\">Through our Korean volunteer\u2019s writing we take you to a faraway land, offering an intriguing insight into Korean society.<\/p>\n\t\t\t\t\t\t\t\t<a href=\"https:\/\/peoplefirst.hu\/en\/blog-post\/accessibility-in-south-korea-progress-challenges-and-changing-social-attitudes\/\" class=\"blog-more-link\"> Read More<\/a>\n\t\t\t\t\t\t\t\t\t\t\t\t\t<\/div>\n\t\t\t\t\t\t\t\t\t\t\t<\/div>\n\t\t\t\t<\/div>\n\t\t\t<\/div>\n\t\t<\/div>\n\t\t\t\t<div id=\"post-6441\" class=\"blog type-blog blog-clearfix wpbaw-blog-class blog-col-0 has-date no-thumb\">\n\t\t\t<div class=\"blog-inner-wrap-view blog-clearfix\">\n\t\t\t\t\n\t\t\t\t<div class=\"blog-content\">\n\t\t\t\t\t\t\t\t\t\t\t<div class=\"grid-category-post\">\n\t\t\t\t\t\t\t<a href=\"https:\/\/peoplefirst.hu\/en\/blog-category\/blog\/\">Blog<\/a>\t\t\t\t\t\t<\/div>\n\t\t\t\t\t\t\t\t\t\t\t\t\t<div class=\"blog-author\">\n\t\t\t\t\t\t\t\t\t\t\t\t\t\t\t\t\t<span>\n\t\t\t\t\t\t\t\t\t\tBy <a href=\"https:\/\/peoplefirst.hu\/en\/author\/pataki-veronika\/\" target=\"_self\">Pataki Veronika<\/a>\n\t\t\t\t\t\t\t\t\t<\/span>\n\t\t\t\t\t\t\t\t \/ 2024-11-12\t\t\t\t\t\t\t<\/div>\n\t\t\t\t\t\t\n\t\t\t\t\t<div class=\"post-content-text\">\n\t\t\t\t\t\t\t\t\t\t\t\t<h3 class=\"blog-title\"><a href=\"https:\/\/peoplefirst.hu\/en\/blog-post\/6441\/\" rel=\"bookmark\">Az utols\u00f3 ut\u00e1ni feladat<\/a><\/h3>\n\t\t\t\t\t\t\t\t\t\t\t\t<div class=\"blog-content-excerpt\">\n\t\t\t\t\t\t\t\t\t\t\t\t\t\t\t<p class=\"blog-short-content\">Sorry, this entry is only available in Hungarian.<\/p>\n\t\t\t\t\t\t\t\t<a href=\"https:\/\/peoplefirst.hu\/en\/blog-post\/6441\/\" class=\"blog-more-link\"> Read More<\/a>\n\t\t\t\t\t\t\t\t\t\t\t\t\t<\/div>\n\t\t\t\t\t\t\t\t\t\t\t<\/div>\n\t\t\t\t<\/div>\n\t\t\t<\/div>\n\t\t<\/div>\n\t\t\t\t<div id=\"post-3379\" class=\"blog type-blog blog-clearfix wpbaw-blog-class blog-col-0 has-date no-thumb\">\n\t\t\t<div class=\"blog-inner-wrap-view blog-clearfix\">\n\t\t\t\t\n\t\t\t\t<div class=\"blog-content\">\n\t\t\t\t\t\t\t\t\t\t\t<div class=\"grid-category-post\">\n\t\t\t\t\t\t\t<a href=\"https:\/\/peoplefirst.hu\/en\/blog-category\/blog\/\">Blog<\/a>\t\t\t\t\t\t<\/div>\n\t\t\t\t\t\t\t\t\t\t\t\t\t<div class=\"blog-author\">\n\t\t\t\t\t\t\t\t\t\t\t\t\t\t\t\t\t<span>\n\t\t\t\t\t\t\t\t\t\tBy <a href=\"https:\/\/peoplefirst.hu\/en\/author\/zborsodi\/\" target=\"_self\">Borsodi Zolt\u00e1n<\/a>\n\t\t\t\t\t\t\t\t\t<\/span>\n\t\t\t\t\t\t\t\t \/ 2023-07-08\t\t\t\t\t\t\t<\/div>\n\t\t\t\t\t\t\n\t\t\t\t\t<div class=\"post-content-text\">\n\t\t\t\t\t\t\t\t\t\t\t\t<h3 class=\"blog-title\"><a href=\"https:\/\/peoplefirst.hu\/en\/blog-post\/how-accessible-was-your-vacation-tenerife\/\" rel=\"bookmark\">How accessible was your vacation. Tenerife<\/a><\/h3>\n\t\t\t\t\t\t\t\t\t\t\t\t<div class=\"blog-content-excerpt\">\n\t\t\t\t\t\t\t\t\t\t\t\t\t\t\t<p class=\"blog-short-content\">A brief story about what great accessibility features of Tenerife offers you.<\/p>\n\t\t\t\t\t\t\t\t<a href=\"https:\/\/peoplefirst.hu\/en\/blog-post\/how-accessible-was-your-vacation-tenerife\/\" class=\"blog-more-link\"> Read More<\/a>\n\t\t\t\t\t\t\t\t\t\t\t\t\t<\/div>\n\t\t\t\t\t\t\t\t\t\t\t<\/div>\n\t\t\t\t<\/div>\n\t\t\t<\/div>\n\t\t<\/div>\n\t\t\t\t<div id=\"post-3375\" class=\"blog type-blog blog-clearfix wpbaw-blog-class blog-col-0 has-date no-thumb\">\n\t\t\t<div class=\"blog-inner-wrap-view blog-clearfix\">\n\t\t\t\t\n\t\t\t\t<div class=\"blog-content\">\n\t\t\t\t\t\t\t\t\t\t\t<div class=\"grid-category-post\">\n\t\t\t\t\t\t\t<a href=\"https:\/\/peoplefirst.hu\/en\/blog-category\/blog\/\">Blog<\/a>\t\t\t\t\t\t<\/div>\n\t\t\t\t\t\t\t\t\t\t\t\t\t<div class=\"blog-author\">\n\t\t\t\t\t\t\t\t\t\t\t\t\t\t\t\t\t<span>\n\t\t\t\t\t\t\t\t\t\tBy <a href=\"https:\/\/peoplefirst.hu\/en\/author\/zborsodi\/\" target=\"_self\">Borsodi Zolt\u00e1n<\/a>\n\t\t\t\t\t\t\t\t\t<\/span>\n\t\t\t\t\t\t\t\t \/ 2022-08-25\t\t\t\t\t\t\t<\/div>\n\t\t\t\t\t\t\n\t\t\t\t\t<div class=\"post-content-text\">\n\t\t\t\t\t\t\t\t\t\t\t\t<h3 class=\"blog-title\"><a href=\"https:\/\/peoplefirst.hu\/en\/blog-post\/huozora-2022-ahol-igazolnod-kell-hogy-kerekesszekes-vagy\/\" rel=\"bookmark\">OZORA 2022, ahol igazolnod kell, hogy kerekessz\u00e9kes vagy<\/a><\/h3>\n\t\t\t\t\t\t\t\t\t\t\t\t<div class=\"blog-content-excerpt\">\n\t\t\t\t\t\t\t\t\t\t\t\t\t\t\t<p class=\"blog-short-content\">Sorry, this entry is only available in Hungarian.<\/p>\n\t\t\t\t\t\t\t\t<a href=\"https:\/\/peoplefirst.hu\/en\/blog-post\/huozora-2022-ahol-igazolnod-kell-hogy-kerekesszekes-vagy\/\" class=\"blog-more-link\"> Read More<\/a>\n\t\t\t\t\t\t\t\t\t\t\t\t\t<\/div>\n\t\t\t\t\t\t\t\t\t\t\t<\/div>\n\t\t\t\t<\/div>\n\t\t\t<\/div>\n\t\t<\/div>\n\t\t\t\t<div id=\"post-3374\" class=\"blog type-blog blog-clearfix wpbaw-blog-class blog-col-0 has-date no-thumb\">\n\t\t\t<div class=\"blog-inner-wrap-view blog-clearfix\">\n\t\t\t\t\n\t\t\t\t<div class=\"blog-content\">\n\t\t\t\t\t\t\t\t\t\t\t<div class=\"grid-category-post\">\n\t\t\t\t\t\t\t<a href=\"https:\/\/peoplefirst.hu\/en\/blog-category\/blog\/\">Blog<\/a>\t\t\t\t\t\t<\/div>\n\t\t\t\t\t\t\t\t\t\t\t\t\t<div class=\"blog-author\">\n\t\t\t\t\t\t\t\t\t\t\t\t\t\t\t\t\t<span>\n\t\t\t\t\t\t\t\t\t\tBy <a href=\"https:\/\/peoplefirst.hu\/en\/author\/molnar-gyongyi\/\" target=\"_self\">Moln\u00e1r Gy\u00f6ngyi<\/a>\n\t\t\t\t\t\t\t\t\t<\/span>\n\t\t\t\t\t\t\t\t \/ 2022-06-25\t\t\t\t\t\t\t<\/div>\n\t\t\t\t\t\t\n\t\t\t\t\t<div class=\"post-content-text\">\n\t\t\t\t\t\t\t\t\t\t\t\t<h3 class=\"blog-title\"><a href=\"https:\/\/peoplefirst.hu\/en\/blog-post\/huegyedul-elni-vagy-nem-ez-itt-a-kerdes\/\" rel=\"bookmark\">Egyed\u00fcl \u00e9lni vagy nem, ez itt a k\u00e9rd\u00e9s<\/a><\/h3>\n\t\t\t\t\t\t\t\t\t\t\t\t<div class=\"blog-content-excerpt\">\n\t\t\t\t\t\t\t\t\t\t\t\t\t\t\t<p class=\"blog-short-content\">Sorry, this entry is only available in Hungarian.<\/p>\n\t\t\t\t\t\t\t\t<a href=\"https:\/\/peoplefirst.hu\/en\/blog-post\/huegyedul-elni-vagy-nem-ez-itt-a-kerdes\/\" class=\"blog-more-link\"> Read More<\/a>\n\t\t\t\t\t\t\t\t\t\t\t\t\t<\/div>\n\t\t\t\t\t\t\t\t\t\t\t<\/div>\n\t\t\t\t<\/div>\n\t\t\t<\/div>\n\t\t<\/div>\n\t\t\t\t<div id=\"post-3373\" class=\"blog type-blog blog-clearfix wpbaw-blog-class blog-col-0 has-date no-thumb\">\n\t\t\t<div class=\"blog-inner-wrap-view blog-clearfix\">\n\t\t\t\t\n\t\t\t\t<div class=\"blog-content\">\n\t\t\t\t\t\t\t\t\t\t\t<div class=\"grid-category-post\">\n\t\t\t\t\t\t\t<a href=\"https:\/\/peoplefirst.hu\/en\/blog-category\/blog\/\">Blog<\/a>\t\t\t\t\t\t<\/div>\n\t\t\t\t\t\t\t\t\t\t\t\t\t<div class=\"blog-author\">\n\t\t\t\t\t\t\t\t\t\t\t\t\t\t\t\t\t<span>\n\t\t\t\t\t\t\t\t\t\tBy <a href=\"https:\/\/peoplefirst.hu\/en\/author\/pataki-veronika\/\" target=\"_self\">Pataki Veronika<\/a>\n\t\t\t\t\t\t\t\t\t<\/span>\n\t\t\t\t\t\t\t\t \/ 2022-03-03\t\t\t\t\t\t\t<\/div>\n\t\t\t\t\t\t\n\t\t\t\t\t<div class=\"post-content-text\">\n\t\t\t\t\t\t\t\t\t\t\t\t<h3 class=\"blog-title\"><a href=\"https:\/\/peoplefirst.hu\/en\/blog-post\/humajdnem-ott-leszek\/\" rel=\"bookmark\">Majdnem ott leszek!<\/a><\/h3>\n\t\t\t\t\t\t\t\t\t\t\t\t<div class=\"blog-content-excerpt\">\n\t\t\t\t\t\t\t\t\t\t\t\t\t\t\t<p class=\"blog-short-content\">Sorry, this entry is only available in Hungarian.<\/p>\n\t\t\t\t\t\t\t\t<a href=\"https:\/\/peoplefirst.hu\/en\/blog-post\/humajdnem-ott-leszek\/\" class=\"blog-more-link\"> Read More<\/a>\n\t\t\t\t\t\t\t\t\t\t\t\t\t<\/div>\n\t\t\t\t\t\t\t\t\t\t\t<\/div>\n\t\t\t\t<\/div>\n\t\t\t<\/div>\n\t\t<\/div>\n\t\t\t\t<div id=\"post-3372\" class=\"blog type-blog blog-clearfix wpbaw-blog-class blog-col-0 has-date no-thumb\">\n\t\t\t<div class=\"blog-inner-wrap-view blog-clearfix\">\n\t\t\t\t\n\t\t\t\t<div class=\"blog-content\">\n\t\t\t\t\t\t\t\t\t\t\t<div class=\"grid-category-post\">\n\t\t\t\t\t\t\t<a href=\"https:\/\/peoplefirst.hu\/en\/blog-category\/blog\/\">Blog<\/a>\t\t\t\t\t\t<\/div>\n\t\t\t\t\t\t\t\t\t\t\t\t\t<div class=\"blog-author\">\n\t\t\t\t\t\t\t\t\t\t\t\t\t\t\t\t\t<span>\n\t\t\t\t\t\t\t\t\t\tBy <a href=\"https:\/\/peoplefirst.hu\/en\/author\/pataki-veronika\/\" target=\"_self\">Pataki Veronika<\/a>\n\t\t\t\t\t\t\t\t\t<\/span>\n\t\t\t\t\t\t\t\t \/ 2022-01-30\t\t\t\t\t\t\t<\/div>\n\t\t\t\t\t\t\n\t\t\t\t\t<div class=\"post-content-text\">\n\t\t\t\t\t\t\t\t\t\t\t\t<h3 class=\"blog-title\"><a href=\"https:\/\/peoplefirst.hu\/en\/blog-post\/huhagyjatok-abba-a-fogyatekosozast\/\" rel=\"bookmark\">Hagyj\u00e1tok abba a fogyat\u00e9kosoz\u00e1st!<\/a><\/h3>\n\t\t\t\t\t\t\t\t\t\t\t\t<div class=\"blog-content-excerpt\">\n\t\t\t\t\t\t\t\t\t\t\t\t\t\t\t<p class=\"blog-short-content\">Sorry, this entry is only available in Hungarian.<\/p>\n\t\t\t\t\t\t\t\t<a href=\"https:\/\/peoplefirst.hu\/en\/blog-post\/huhagyjatok-abba-a-fogyatekosozast\/\" class=\"blog-more-link\"> Read More<\/a>\n\t\t\t\t\t\t\t\t\t\t\t\t\t<\/div>\n\t\t\t\t\t\t\t\t\t\t\t<\/div>\n\t\t\t\t<\/div>\n\t\t\t<\/div>\n\t\t<\/div>\n\t\t\t\t<div id=\"post-3371\" class=\"blog type-blog blog-clearfix wpbaw-blog-class blog-col-0 has-date no-thumb\">\n\t\t\t<div class=\"blog-inner-wrap-view blog-clearfix\">\n\t\t\t\t\n\t\t\t\t<div class=\"blog-content\">\n\t\t\t\t\t\t\t\t\t\t\t<div class=\"grid-category-post\">\n\t\t\t\t\t\t\t<a href=\"https:\/\/peoplefirst.hu\/en\/blog-category\/blog\/\">Blog<\/a>\t\t\t\t\t\t<\/div>\n\t\t\t\t\t\t\t\t\t\t\t\t\t<div class=\"blog-author\">\n\t\t\t\t\t\t\t\t\t\t\t\t\t\t\t\t\t<span>\n\t\t\t\t\t\t\t\t\t\tBy <a href=\"https:\/\/peoplefirst.hu\/en\/author\/kerekes-hilda\/\" target=\"_self\">Kerekes Hilda<\/a>\n\t\t\t\t\t\t\t\t\t<\/span>\n\t\t\t\t\t\t\t\t \/ 2021-12-27\t\t\t\t\t\t\t<\/div>\n\t\t\t\t\t\t\n\t\t\t\t\t<div class=\"post-content-text\">\n\t\t\t\t\t\t\t\t\t\t\t\t<h3 class=\"blog-title\"><a href=\"https:\/\/peoplefirst.hu\/en\/blog-post\/hurejtett-akadalyok\/\" rel=\"bookmark\">[:hu]Rejtett akad\u00e1lyok<\/a><\/h3>\n\t\t\t\t\t\t\t\t\t\t\t\t<div class=\"blog-content-excerpt\">\n\t\t\t\t\t\t\t\t\t\t\t\t\t\t\t<p class=\"blog-short-content\">Sorry, this entry is only available in Hungarian.<\/p>\n\t\t\t\t\t\t\t\t<a href=\"https:\/\/peoplefirst.hu\/en\/blog-post\/hurejtett-akadalyok\/\" class=\"blog-more-link\"> Read More<\/a>\n\t\t\t\t\t\t\t\t\t\t\t\t\t<\/div>\n\t\t\t\t\t\t\t\t\t\t\t<\/div>\n\t\t\t\t<\/div>\n\t\t\t<\/div>\n\t\t<\/div>\n\t\t\t\t<div id=\"post-3370\" class=\"blog type-blog blog-clearfix wpbaw-blog-class blog-col-0 has-date no-thumb\">\n\t\t\t<div class=\"blog-inner-wrap-view blog-clearfix\">\n\t\t\t\t\n\t\t\t\t<div class=\"blog-content\">\n\t\t\t\t\t\t\t\t\t\t\t<div class=\"grid-category-post\">\n\t\t\t\t\t\t\t<a href=\"https:\/\/peoplefirst.hu\/en\/blog-category\/blog\/\">Blog<\/a>\t\t\t\t\t\t<\/div>\n\t\t\t\t\t\t\t\t\t\t\t\t\t<div class=\"blog-author\">\n\t\t\t\t\t\t\t\t\t\t\t\t\t\t\t\t\t<span>\n\t\t\t\t\t\t\t\t\t\tBy <a href=\"https:\/\/peoplefirst.hu\/en\/author\/szekeres-henriett\/\" target=\"_self\">Szekeres Henriett<\/a>\n\t\t\t\t\t\t\t\t\t<\/span>\n\t\t\t\t\t\t\t\t \/ 2021-09-10\t\t\t\t\t\t\t<\/div>\n\t\t\t\t\t\t\n\t\t\t\t\t<div class=\"post-content-text\">\n\t\t\t\t\t\t\t\t\t\t\t\t<h3 class=\"blog-title\"><a href=\"https:\/\/peoplefirst.hu\/en\/blog-post\/hukinzo-oltalom\/\" rel=\"bookmark\">[:hu]K\u00ednz\u00f3 oltalom<\/a><\/h3>\n\t\t\t\t\t\t\t\t\t\t\t\t<div class=\"blog-content-excerpt\">\n\t\t\t\t\t\t\t\t\t\t\t\t\t\t\t<p class=\"blog-short-content\">Sorry, this entry is only available in Hungarian.<\/p>\n\t\t\t\t\t\t\t\t<a href=\"https:\/\/peoplefirst.hu\/en\/blog-post\/hukinzo-oltalom\/\" class=\"blog-more-link\"> Read More<\/a>\n\t\t\t\t\t\t\t\t\t\t\t\t\t<\/div>\n\t\t\t\t\t\t\t\t\t\t\t<\/div>\n\t\t\t\t<\/div>\n\t\t\t<\/div>\n\t\t<\/div>\n\t\t\t<\/div>\n\t\n\t\t<div class=\"blog_pagination blog-clearfix wpbaw-numeric\">\n\t\t<span aria-current=\"page\" class=\"page-numbers current\">1<\/span>\n<a class=\"page-numbers\" href=\"https:\/\/peoplefirst.hu\/en\/wp-json\/wp\/v2\/pages\/3211\/page\/2\/#wpbaw-blog-1\">2<\/a>\n<a class=\"page-numbers\" href=\"https:\/\/peoplefirst.hu\/en\/wp-json\/wp\/v2\/pages\/3211\/page\/3\/#wpbaw-blog-1\">3<\/a>\n<a class=\"next page-numbers\" href=\"https:\/\/peoplefirst.hu\/en\/wp-json\/wp\/v2\/pages\/3211\/page\/2\/#wpbaw-blog-1\">Next &raquo;<\/a>\t<\/div>\n\t\n","protected":false},"excerpt":{"rendered":"","protected":false},"author":2,"featured_media":0,"parent":0,"menu_order":0,"comment_status":"closed","ping_status":"closed","template":"","meta":{"_monsterinsights_skip_tracking":false,"_monsterinsights_sitenote_active":false,"_monsterinsights_sitenote_note":"","_monsterinsights_sitenote_category":0,"_uf_show_specific_survey":0,"_uf_disable_surveys":false,"footnotes":""},"aioseo_notices":[],"_links":{"self":[{"href":"https:\/\/peoplefirst.hu\/en\/wp-json\/wp\/v2\/pages\/3211"}],"collection":[{"href":"https:\/\/peoplefirst.hu\/en\/wp-json\/wp\/v2\/pages"}],"about":[{"href":"https:\/\/peoplefirst.hu\/en\/wp-json\/wp\/v2\/types\/page"}],"author":[{"embeddable":true,"href":"https:\/\/peoplefirst.hu\/en\/wp-json\/wp\/v2\/users\/2"}],"replies":[{"embeddable":true,"href":"https:\/\/peoplefirst.hu\/en\/wp-json\/wp\/v2\/comments?post=3211"}],"version-history":[{"count":0,"href":"https:\/\/peoplefirst.hu\/en\/wp-json\/wp\/v2\/pages\/3211\/revisions"}],"wp:attachment":[{"href":"https:\/\/peoplefirst.hu\/en\/wp-json\/wp\/v2\/media?parent=3211"}],"curies":[{"name":"wp","href":"https:\/\/api.w.org\/{rel}","templated":true}]}}