{"id":3213,"date":"2018-10-09T18:09:27","date_gmt":"2018-10-09T16:09:27","guid":{"rendered":"http:\/\/test.peoplefirst.hu\/peer-act-erasmus-ka2-international-project\/"},"modified":"2018-10-09T18:09:27","modified_gmt":"2018-10-09T18:09:27","slug":"peer-act-erasmus-ka2-international-project","status":"publish","type":"page","link":"https:\/\/peoplefirst.hu\/en\/projects\/peer-act-erasmus-ka2-international-project\/","title":{"rendered":"Peer-Act Erasmus+ KA2 International Project"},"content":{"rendered":"<p dir=\"ltr\">The project&#8217;s name:<br class=\"m_1314620121746753581gmail-kix-line-break\" \/>European Peer counselor Training in Accessible Tourism, <br class=\"m_1314620121746753581gmail-kix-line-break\" \/>Cooperation for innovation and the exchange of good practices<\/p>\n<p dir=\"ltr\"><br class=\"m_1314620121746753581gmail-kix-line-break\" \/>Its duration: 01.11.2018.-30.04.2021. (extended due to Covid situation: 31.08.2021.)<\/p>\n<p dir=\"ltr\"><br class=\"m_1314620121746753581gmail-kix-line-break\" \/>A program with the participation of five countries, in which the People First Association takes part as the co-partner of the \u00a0Hungarian partner &#8211; Z\u00f6ld-Akt\u00edv Szoci\u00e1lis Sz\u00f6vetkezet\/Green-Active Social Cooperative.<\/p>\n<p dir=\"ltr\"><br class=\"m_1314620121746753581gmail-kix-line-break\" \/>The main objective of the project is the training of Peer Counselor trainers from the community of disabled people or people with special needs, with providing inclusion and equal opportunities. There are three groups which help with the development of the training methodology: the adult trainers, the disabled people who are prospective trainers and tourism experts. During the project the disabled trainers will be able to give advice and train in the topic of accessible tourism in all aspects of tourism (transportation, accommodation, gastronomy, free-time activities, tourist guides, city decision-makers and designers). In the future they will be able to work as trainers and consultants in tourism.<\/p>\n<p dir=\"ltr\"><br class=\"m_1314620121746753581gmail-kix-line-break\" \/>The five participant countries and partners:<br class=\"m_1314620121746753581gmail-kix-line-break\" \/>Germany &#8211; VSBI, Verein zur sozialen und beruflichen Integration e.V.<br class=\"m_1314620121746753581gmail-kix-line-break\" \/>Germany &#8211; KHuF, Kopf, Hand und Fuss gGmbH<br class=\"m_1314620121746753581gmail-kix-line-break\" \/>Spain &#8211; Probens, Asociaci\u00f3n para el Estudio y promoci\u00f3n del Bienestar Social<br class=\"m_1314620121746753581gmail-kix-line-break\" \/>Hungary &#8211; Z\u00f6ld-Akt\u00edv Szoci\u00e1lis Sz\u00f6vetkezet<br class=\"m_1314620121746753581gmail-kix-line-break\" \/>Italy &#8211; Unione Montana Alta Langa<br class=\"m_1314620121746753581gmail-kix-line-break\" \/>Croatia &#8211; Slap, Udruga za kreativni razvoj<\/p>\n<p dir=\"ltr\"><br class=\"m_1314620121746753581gmail-kix-line-break\" \/>The hungarian partner works out the projects methodology: how the peer consulting and the mentoring in the field of accessible tourism is organized. From the initial preparations the People First Association has been helping the project with its personal experience and experts. The Association has been participating in the development of peer counselor trainings and pilot trainings with tourism persons, the members of this association will be the prospective trainers.<\/p>\n<div class=\"yj6qo ajU\"><\/div>\n","protected":false},"excerpt":{"rendered":"<p>The project&#8217;s name:European Peer counselor Training in Accessible Tourism, Cooperation for innovation and the exchange of good practices Its duration: 01.11.2018.-30.04.2021. (extended due to Covid situation: 31.08.2021.) A program with the participation of five countries, in which the People First Association takes part as the co-partner of the \u00a0Hungarian partner &#8211; Z\u00f6ld-Akt\u00edv Szoci\u00e1lis Sz\u00f6vetkezet\/Green-Active Social [&hellip;]<\/p>\n","protected":false},"author":2,"featured_media":0,"parent":3201,"menu_order":0,"comment_status":"closed","ping_status":"closed","template":"","meta":{"_monsterinsights_skip_tracking":false,"_monsterinsights_sitenote_active":false,"_monsterinsights_sitenote_note":"","_monsterinsights_sitenote_category":0,"_uf_show_specific_survey":0,"_uf_disable_surveys":false,"footnotes":""},"aioseo_notices":[],"_links":{"self":[{"href":"https:\/\/peoplefirst.hu\/en\/wp-json\/wp\/v2\/pages\/3213"}],"collection":[{"href":"https:\/\/peoplefirst.hu\/en\/wp-json\/wp\/v2\/pages"}],"about":[{"href":"https:\/\/peoplefirst.hu\/en\/wp-json\/wp\/v2\/types\/page"}],"author":[{"embeddable":true,"href":"https:\/\/peoplefirst.hu\/en\/wp-json\/wp\/v2\/users\/2"}],"replies":[{"embeddable":true,"href":"https:\/\/peoplefirst.hu\/en\/wp-json\/wp\/v2\/comments?post=3213"}],"version-history":[{"count":0,"href":"https:\/\/peoplefirst.hu\/en\/wp-json\/wp\/v2\/pages\/3213\/revisions"}],"up":[{"embeddable":true,"href":"https:\/\/peoplefirst.hu\/en\/wp-json\/wp\/v2\/pages\/3201"}],"wp:attachment":[{"href":"https:\/\/peoplefirst.hu\/en\/wp-json\/wp\/v2\/media?parent=3213"}],"curies":[{"name":"wp","href":"https:\/\/api.w.org\/{rel}","templated":true}]}}