{"id":3305,"date":"2019-07-06T13:12:35","date_gmt":"2019-07-06T11:12:35","guid":{"rendered":"http:\/\/test.peoplefirst.hu\/barrier-free-pecs\/"},"modified":"2026-04-18T12:26:23","modified_gmt":"2026-04-18T10:26:23","slug":"barrier-free-pecs","status":"publish","type":"page","link":"https:\/\/peoplefirst.hu\/en\/barrier-free-pecs\/","title":{"rendered":"Barrier-free P\u00e9cs"},"content":{"rendered":"<p align=\"left\"><span style=\"color: #444444;\"><span style=\"font-size: small;\">Do you want to plan your barrier-free walk, official matters, shopping, fun, excursion in P\u00e9cs? Would you like to visit us as tourist also and you want to know what is accessible? We&#8217;ll help you if you&#8217;re disabled, older, with pram, or <\/span><\/span><span style=\"color: #444444;\"><span style=\"font-family: Verdana, serif;\"><span style=\"font-size: small;\">it&#8217;s just more comfortable for you<\/span><\/span><\/span><span style=\"color: #444444;\"><span style=\"font-size: small;\">!<\/span><\/span><\/p>\n<p align=\"left\"><span style=\"color: #444444;\"><span style=\"font-size: small;\">The expert members of our association constantly explore the<\/span><\/span><span style=\"color: #444444;\"><span style=\"font-size: small;\"><i> truly<\/i><\/span><\/span><span style=\"color: #444444;\"><span style=\"font-size: small;\"> accessible locations of P\u00e9cs and its surroundings. You can see our review with many photos in the Barrier-free P\u00e9cs Database, which you can access here at the bottom of the page, or by clicking on the Barrier-free P\u00e9cs Database blue button on the home page.<br \/>\n<span style=\"color: #0000ff;\"><strong>!<\/strong><\/span> We don&#8217;t give an opinion, we describe what we&#8217;ve seen, and help you judge for yourself whether a venue is accessible to you.<br \/>\nThe locations can be found in alphabetical order, by different categories.<br \/>\n<em>Under each description you can write your own opinion and experience about the given location, you will help others a lot with it in the future!<\/em><\/span><\/span><\/p>\n<p><span style=\"color: #444444;\"><span style=\"font-size: small;\">The database is easy to use and accessible, but we want to help you with everything, so check out the <a href=\"https:\/\/peoplefirst.hu\/en\/hasznalati-utasitas\/\">Instructions<\/a><\/span><\/span><\/p>\n<p align=\"left\"><span style=\"color: #444444;\"><span style=\"font-size: small;\">In the submenu of the Barrier-free P\u00e9cs menu you will find a map showing all the <a href=\"https:\/\/peoplefirst.hu\/akadalymentes-parkolas\/\">accessible parking lots in P\u00e9cs<\/a>, based on the data provided by Biokom City Management Company.\u00a0<\/span><\/span><\/p>\n<p align=\"left\"><span style=\"color: #444444;\"><span style=\"font-size: small;\">When you are in or around P\u00e9cs, you will find the People First Public Benefit Association&#8217;s own sticker at the entrance to the accessible sites we have discovered:<\/span><\/span><\/p>\n<p dir=\"ltr\"><a href=\"https:\/\/peoplefirst.hu\/wp-content\/uploads\/2021\/02\/matrica_10x10-uj-2.jpg\"><img decoding=\"async\" loading=\"lazy\" class=\"alignnone size-thumbnail wp-image-956\" src=\"http:\/\/peoplefirst.hu\/wp-content\/uploads\/2021\/02\/matrica_10x10-uj-2-150x150.jpg\" alt=\"\" width=\"150\" height=\"150\" srcset=\"https:\/\/peoplefirst.hu\/wp-content\/uploads\/2021\/02\/matrica_10x10-uj-2-150x150.jpg 150w, https:\/\/peoplefirst.hu\/wp-content\/uploads\/2021\/02\/matrica_10x10-uj-2-300x300.jpg 300w, https:\/\/peoplefirst.hu\/wp-content\/uploads\/2021\/02\/matrica_10x10-uj-2.jpg 590w\" sizes=\"(max-width: 150px) 100vw, 150px\" \/><\/a>\u00a0 \u00a0 \u00a0 \u00a0 \u00a0\u00a0<a href=\"http:\/\/peoplefirst.hu\/wp-content\/uploads\/2021\/02\/matrica_10x10-uj-1.jpg\"><img decoding=\"async\" loading=\"lazy\" class=\"alignnone size-thumbnail wp-image-957\" src=\"http:\/\/peoplefirst.hu\/wp-content\/uploads\/2021\/02\/matrica_10x10-uj-1-150x150.jpg\" alt=\"\" width=\"150\" height=\"150\" srcset=\"https:\/\/peoplefirst.hu\/wp-content\/uploads\/2021\/02\/matrica_10x10-uj-1-150x150.jpg 150w, https:\/\/peoplefirst.hu\/wp-content\/uploads\/2021\/02\/matrica_10x10-uj-1-300x300.jpg 300w, https:\/\/peoplefirst.hu\/wp-content\/uploads\/2021\/02\/matrica_10x10-uj-1.jpg 590w\" sizes=\"(max-width: 150px) 100vw, 150px\" \/><\/a><\/p>\n<p align=\"left\"><span style=\"color: #444444;\"><span style=\"font-size: small;\">Our work is constantly updated. We&#8217;re glad you&#8217;re helping us with this and writing to us: info@peoplefirst.hu<\/span><\/span><\/p>\n<p dir=\"ltr\"><strong>DO YOU FIND THE DATABASE USEFUL?\u00a0<\/strong><br \/>\n<strong>PLEASE SUPPORT ITS SURVIVAL AND EXPANSION<br \/>\nWITH THE &#8220;ADOM\u00c1NYOZOK&#8221; (DONATE) BUTTON!<\/strong><br \/>\n<strong>THANK YOU! <span class=\"x1xsqp64 xiy17q3 x1o6pynw x19co3pv xdj266r xcwd3tp xat24cr x39eecv x2b8uid\" data-testid=\"emoji\"><span class=\"xexx8yu xn5pp95 x18d9i69 x2fxd7x x1yqt14a x1bhl96m\">\ud83d\udc99<\/span><\/span><\/strong><\/p>\n<p dir=\"ltr\">Check out the short sensitizing videos from our Youtube channel: <a href=\"https:\/\/www.youtube.com\/@peoplefirstpecs\">@peoplefirstpecs<\/a><\/p>\n<p dir=\"ltr\">We highly offer you another opportunity to take matters into your own hands. On the website &#8220;J\u00e1r\u00f3kel\u0151&#8221; (Passerby) volunteer case managers in P\u00e9cs connect city residents with the municipality and public utility providers to solve troublesome problems in public spaces.<br \/>\nAlso works well in accessibility announcements!<br \/>\n<a href=\"https:\/\/jarokelo.hu\/\">J\u00e1r\u00f3kel\u0151.hu. Ha megosztod, megoldod. &#8211; Jarokelo.hu<\/a><\/p>\n<p dir=\"ltr\"><em style=\"font-size: 1rem;\"><strong><span style=\"color: #ff0000;\">Database last updated: 18.04.2026<\/span><\/strong><\/em><\/p>\n<div id=\"attachment_1633\" style=\"width: 225px\" class=\"wp-caption alignnone\"><a href=\"https:\/\/peoplefirst.hu\/helyszinek\/\"><img aria-describedby=\"caption-attachment-1633\" decoding=\"async\" loading=\"lazy\" class=\"wp-image-1633 size-full\" src=\"https:\/\/peoplefirst.hu\/wp-content\/uploads\/2021\/04\/adatbazis.215x75.cyan_.e.jpg\" alt=\"barrier-free P\u00e9cs database button\" width=\"215\" height=\"75\" \/><\/a><p id=\"caption-attachment-1633\" class=\"wp-caption-text\">barrier-free P\u00e9cs database button<\/p><\/div>\n","protected":false},"excerpt":{"rendered":"<p>Do you want to plan your barrier-free walk, official matters, shopping, fun, excursion in P\u00e9cs? Would you like to visit us as tourist also and you want to know what is accessible? We&#8217;ll help you if you&#8217;re disabled, older, with pram, or it&#8217;s just more comfortable for you! The expert members of our association constantly [&hellip;]<\/p>\n","protected":false},"author":2,"featured_media":0,"parent":0,"menu_order":0,"comment_status":"closed","ping_status":"closed","template":"","meta":{"_monsterinsights_skip_tracking":false,"_monsterinsights_sitenote_active":false,"_monsterinsights_sitenote_note":"","_monsterinsights_sitenote_category":0,"_uf_show_specific_survey":0,"_uf_disable_surveys":false,"footnotes":""},"aioseo_notices":[],"_links":{"self":[{"href":"https:\/\/peoplefirst.hu\/en\/wp-json\/wp\/v2\/pages\/3305"}],"collection":[{"href":"https:\/\/peoplefirst.hu\/en\/wp-json\/wp\/v2\/pages"}],"about":[{"href":"https:\/\/peoplefirst.hu\/en\/wp-json\/wp\/v2\/types\/page"}],"author":[{"embeddable":true,"href":"https:\/\/peoplefirst.hu\/en\/wp-json\/wp\/v2\/users\/2"}],"replies":[{"embeddable":true,"href":"https:\/\/peoplefirst.hu\/en\/wp-json\/wp\/v2\/comments?post=3305"}],"version-history":[{"count":31,"href":"https:\/\/peoplefirst.hu\/en\/wp-json\/wp\/v2\/pages\/3305\/revisions"}],"predecessor-version":[{"id":7245,"href":"https:\/\/peoplefirst.hu\/en\/wp-json\/wp\/v2\/pages\/3305\/revisions\/7245"}],"wp:attachment":[{"href":"https:\/\/peoplefirst.hu\/en\/wp-json\/wp\/v2\/media?parent=3305"}],"curies":[{"name":"wp","href":"https:\/\/api.w.org\/{rel}","templated":true}]}}