{"id":3572,"date":"2021-05-11T13:03:27","date_gmt":"2021-05-11T11:03:27","guid":{"rendered":"http:\/\/test.peoplefirst.hu\/instructions\/"},"modified":"2026-02-05T17:03:45","modified_gmt":"2026-02-05T15:03:45","slug":"instructions","status":"publish","type":"page","link":"https:\/\/peoplefirst.hu\/en\/instructions\/","title":{"rendered":"Instructions"},"content":{"rendered":"<h1><span style=\"color: #333399;\"><strong>A simple guide<\/strong><br \/>\n<strong>to help you find what you need more easily<\/strong><\/span><\/h1>\n<p align=\"justify\">You can access the Barrier\u2011free P\u00e9cs Database in two ways on this site:<\/p>\n<ol>\n<li>On the Home page, by clicking the <strong>blue Barrier\u2011free P\u00e9cs Database button<\/strong> on the right side<\/li>\n<li>In the website\u2019s menu, at the bottom of the <strong>Barrier\u2011free P\u00e9cs page<\/strong>, you will also find the blue button<\/li>\n<\/ol>\n<p align=\"justify\">THE ENTIRE WEBSITE is ACCESSIBLE.<br \/>\nOn the top left, by clicking the small blue icon, you can find all accessibility options.<br \/>\nWe are continuously adding image descriptions in the Barrier\u2011free P\u00e9cs Database for our friends with visual impairments.<\/p>\n<h2 align=\"justify\"><span style=\"color: #333399;\">How to search?<\/span><\/h2>\n<p align=\"justify\">Start with the <b>Keres\u00e9s\/Filters <\/b>button.\u00a0 \u00a0 \u00a0 \u00a0<a href=\"https:\/\/peoplefirst.hu\/wp-content\/uploads\/2026\/02\/Kereses-Filters-gomb.png\"><img decoding=\"async\" loading=\"lazy\" class=\"alignnone wp-image-7126\" src=\"https:\/\/peoplefirst.hu\/wp-content\/uploads\/2026\/02\/Kereses-Filters-gomb.png\" alt=\"\" width=\"131\" height=\"37\" srcset=\"https:\/\/peoplefirst.hu\/wp-content\/uploads\/2026\/02\/Kereses-Filters-gomb.png 340w, https:\/\/peoplefirst.hu\/wp-content\/uploads\/2026\/02\/Kereses-Filters-gomb-300x85.png 300w\" sizes=\"(max-width: 131px) 100vw, 131px\" \/><\/a><\/p>\n<h3>If you want to search by categories<\/h3>\n<p align=\"justify\">When you click the Keres\u00e9s\/Filters button, the label <strong>Select category<\/strong>\u00a0opens below it, where you can search among the listed locations BY CATEGORIES.<\/p>\n<p align=\"justify\">The following categories are used. You can scroll with the up and down arrows on the right side:<\/p>\n<p align=\"justify\">Caf\u00e9\/confectionery<br \/>\nChurch<br \/>\nCulture<br \/>\nHiking trails<br \/>\nHotel\/accommodation<br \/>\nNear P\u00e9cs<br \/>\nPublic institutions<br \/>\nPublic toilet<br \/>\nRestaurant<br \/>\nShop\/Shopping<br \/>\nSights<br \/>\nSport<\/p>\n<p align=\"justify\"><span style=\"color: #444444;\"><span style=\"font-size: small;\">Select the category (for example, Restaurant) and click on it, then click the <strong>Apply Filters<\/strong> button to see all the restaurants we have mapped. Follow the same steps for any other category.<br \/>\n<a href=\"https:\/\/peoplefirst.hu\/wp-content\/uploads\/2026\/02\/Kereses-inditasa-Apply-filters-gomb.png\"><img decoding=\"async\" loading=\"lazy\" class=\"alignnone wp-image-7128\" src=\"https:\/\/peoplefirst.hu\/wp-content\/uploads\/2026\/02\/Kereses-inditasa-Apply-filters-gomb.png\" alt=\"\" width=\"192\" height=\"33\" srcset=\"https:\/\/peoplefirst.hu\/wp-content\/uploads\/2026\/02\/Kereses-inditasa-Apply-filters-gomb.png 488w, https:\/\/peoplefirst.hu\/wp-content\/uploads\/2026\/02\/Kereses-inditasa-Apply-filters-gomb-300x52.png 300w\" sizes=\"(max-width: 192px) 100vw, 192px\" \/><\/a><br \/>\n<\/span><\/span><\/p>\n<h3>If you are looking for a specific location<\/h3>\n<p align=\"justify\"><span style=\"color: #444444;\"><span style=\"font-size: small;\">In this case, under the Keres\u00e9s\/Filters button type the name of the place into the <strong>What are you looking for?<\/strong> field (for example, Almalomb). By clicking the Apply Filters button, you can immediately see everything we have described and photographed about that location.<br \/>\n<a href=\"https:\/\/peoplefirst.hu\/wp-content\/uploads\/2026\/02\/Kereses-inditasa-Apply-filters-gomb.png\"><img decoding=\"async\" loading=\"lazy\" class=\"alignnone wp-image-7128\" src=\"https:\/\/peoplefirst.hu\/wp-content\/uploads\/2026\/02\/Kereses-inditasa-Apply-filters-gomb.png\" alt=\"\" width=\"192\" height=\"33\" srcset=\"https:\/\/peoplefirst.hu\/wp-content\/uploads\/2026\/02\/Kereses-inditasa-Apply-filters-gomb.png 488w, https:\/\/peoplefirst.hu\/wp-content\/uploads\/2026\/02\/Kereses-inditasa-Apply-filters-gomb-300x52.png 300w\" sizes=\"(max-width: 192px) 100vw, 192px\" \/><\/a> <\/span><\/span><\/p>\n<h3 align=\"justify\">Start a new search<\/h3>\n<p align=\"justify\"><span style=\"color: #444444;\"><span style=\"font-size: small;\">With the <strong>Keres\u00e9si felt\u00e9telek t\u00f6rl\u00e9se\/Reset Filters<\/strong> button, you can delete the conditions you have set so far: the category, and anything you may have typed into the <strong>What are you looking for?<\/strong>\u00a0field.<br \/>\n<a href=\"https:\/\/peoplefirst.hu\/wp-content\/uploads\/2026\/02\/Keresesi-feltetelek-torlese-Reset-filters-gomb.png\"><img decoding=\"async\" loading=\"lazy\" class=\"alignnone wp-image-7130\" src=\"https:\/\/peoplefirst.hu\/wp-content\/uploads\/2026\/02\/Keresesi-feltetelek-torlese-Reset-filters-gomb.png\" alt=\"\" width=\"274\" height=\"38\" srcset=\"https:\/\/peoplefirst.hu\/wp-content\/uploads\/2026\/02\/Keresesi-feltetelek-torlese-Reset-filters-gomb.png 620w, https:\/\/peoplefirst.hu\/wp-content\/uploads\/2026\/02\/Keresesi-feltetelek-torlese-Reset-filters-gomb-300x42.png 300w\" sizes=\"(max-width: 274px) 100vw, 274px\" \/><\/a><br \/>\nIf you want to start everything from the beginning, click the<strong> Keres\u00e9s\/Filters<\/strong> button, then click the <strong>Keres\u00e9s ind\u00edt\u00e1sa\/Apply filters<\/strong> button. This will give you the same result as when you first loaded the database page.<br \/>\n<\/span><\/span><\/p>\n<p align=\"justify\">BACK, NEW SEARCH: if you have viewed a location but want to look for another one, use the <strong>Vissza<\/strong> (Go back) link in the top left corner of the location\u2019s page.<br \/>\nYou can also use your browser\u2019s Back button; the two functions work the same way.<\/p>\n<p align=\"justify\">If you want to search using completely different criteria, click the <strong>Keres\u00e9s\/Filters<\/strong> button again, then click the <strong>Keres\u00e9s ind\u00edt\u00e1sa\/Apply filters<\/strong> button.<\/p>\n<h2 align=\"justify\"><span style=\"color: #333399;\">What do the descriptions include?<\/span><\/h2>\n<p align=\"justify\">When you click on a displayed location, you can see the IMAGES we have taken. We always try to present each place from several different perspectives so you can decide whether it is personally manageable for you.<br \/>\nBy clicking the small images under the large one, you can view them in full size as well.<\/p>\n<p align=\"justify\">Under the images, you will find the DESCRIPTION, the ADDRESS of the location, and you can also look up the place on the MAP.<\/p>\n<p align=\"justify\">You can find additional information on the location\u2019s own website.<\/p>\n<p align=\"justify\">Finally, we indicate whether the location has an accessible toilet.<\/p>\n<p align=\"justify\">To RETURN TO THE HOME PAGE and the other menu items, click the large People First logo or the People First text in the top left corner.<\/p>\n<h2 align=\"justify\"><span style=\"color: #333399;\">Write down your own experience!<\/span><\/h2>\n<p><span style=\"font-weight: 400;\">It is very<strong> important<\/strong> that you also SHARE YOUR OWN OPINION AND EXPERIENCE about each location, this will greatly help others in the future! You can do this under the description, by clicking <strong>\u00cdrj v\u00e9lem\u00e9nyt<\/strong> (Write a review.)<br \/>\n<a href=\"https:\/\/peoplefirst.hu\/wp-content\/uploads\/2026\/02\/Irj-velemenyt-gomb.png\"><img decoding=\"async\" loading=\"lazy\" class=\"alignnone wp-image-7132\" src=\"https:\/\/peoplefirst.hu\/wp-content\/uploads\/2026\/02\/Irj-velemenyt-gomb.png\" alt=\"\" width=\"158\" height=\"44\" srcset=\"https:\/\/peoplefirst.hu\/wp-content\/uploads\/2026\/02\/Irj-velemenyt-gomb.png 338w, https:\/\/peoplefirst.hu\/wp-content\/uploads\/2026\/02\/Irj-velemenyt-gomb-300x83.png 300w\" sizes=\"(max-width: 158px) 100vw, 158px\" \/><\/a><br \/>\n<\/span>First, rate the location with stars under <strong>\u00c9rt\u00e9kel\u00e9s<\/strong> (Rating).\u00a0The more stars you select, the better and more accessible you consider the place.<\/p>\n<p>Next, write a short summary of your own experience with the location in the box labeled <strong>Comment.<\/strong> Your aim should be to offer helpful guidance to others! Don\u2019t criticize, instead help, suggest, and offer useful insights.<\/p>\n<p>Then click the black <strong>\u00c9rt\u00e9kel\u00e9s bek\u00fcld\u00e9se<\/strong> (Submit rating)\u00a0button.<\/p>\n<p>You will immediately receive a confirmation letting you know that we have received your rating, will review it, and then publish it.<br \/>\nIf you would like to send your own photo of the location, you cannot do that here, but we are happy to receive it at info@peoplefirst.hu, and we will upload it.<\/p>\n<h2 align=\"justify\"><span style=\"color: #333399;\">Other information<\/span><\/h2>\n<p>The pages are PRINTABLE, so you can take them with you on paper if needed.<\/p>\n<p>The database is MOBILE\u2011FRIENDLY, meaning you can search and use the entire database on your mobile phone as well.<\/p>\n<h2><span style=\"color: #333399;\">You can suggest a location too!<\/span><\/h2>\n<p>We appreciate it if, as you\u2019re out and about, you notice an accessible location in P\u00e9cs or around P\u00e9cs and let us know. We will explore it, and it will be added to the Database.<\/p>\n<h2 align=\"justify\"><span style=\"color: #333399;\">Contact<\/span><\/h2>\n<p align=\"justify\">If you have any questions, contact us, we will be happy to answer: info@peoplefirst.hu<\/p>\n","protected":false},"excerpt":{"rendered":"<p>A simple guide to help you find what you need more easily You can access the Barrier\u2011free P\u00e9cs Database in two ways on this site: On the Home page, by clicking the blue Barrier\u2011free P\u00e9cs Database button on the right side In the website\u2019s menu, at the bottom of the Barrier\u2011free P\u00e9cs page, you will [&hellip;]<\/p>\n","protected":false},"author":11,"featured_media":0,"parent":0,"menu_order":0,"comment_status":"closed","ping_status":"closed","template":"","meta":{"_monsterinsights_skip_tracking":false,"_monsterinsights_sitenote_active":false,"_monsterinsights_sitenote_note":"","_monsterinsights_sitenote_category":0,"_uf_show_specific_survey":0,"_uf_disable_surveys":false,"footnotes":""},"aioseo_notices":[],"_links":{"self":[{"href":"https:\/\/peoplefirst.hu\/en\/wp-json\/wp\/v2\/pages\/3572"}],"collection":[{"href":"https:\/\/peoplefirst.hu\/en\/wp-json\/wp\/v2\/pages"}],"about":[{"href":"https:\/\/peoplefirst.hu\/en\/wp-json\/wp\/v2\/types\/page"}],"author":[{"embeddable":true,"href":"https:\/\/peoplefirst.hu\/en\/wp-json\/wp\/v2\/users\/11"}],"replies":[{"embeddable":true,"href":"https:\/\/peoplefirst.hu\/en\/wp-json\/wp\/v2\/comments?post=3572"}],"version-history":[{"count":5,"href":"https:\/\/peoplefirst.hu\/en\/wp-json\/wp\/v2\/pages\/3572\/revisions"}],"predecessor-version":[{"id":7138,"href":"https:\/\/peoplefirst.hu\/en\/wp-json\/wp\/v2\/pages\/3572\/revisions\/7138"}],"wp:attachment":[{"href":"https:\/\/peoplefirst.hu\/en\/wp-json\/wp\/v2\/media?parent=3572"}],"curies":[{"name":"wp","href":"https:\/\/api.w.org\/{rel}","templated":true}]}}