{"id":3576,"date":"2021-07-14T18:24:52","date_gmt":"2021-07-14T16:24:52","guid":{"rendered":"http:\/\/test.peoplefirst.hu\/innclusive\/"},"modified":"2024-08-28T15:30:17","modified_gmt":"2024-08-28T13:30:17","slug":"innclusive","status":"publish","type":"page","link":"https:\/\/peoplefirst.hu\/en\/innclusive\/","title":{"rendered":"InnClusive"},"content":{"rendered":"<p><span style=\"font-weight: 400;\"><a href=\"https:\/\/peoplefirst.hu\/wp-content\/uploads\/2021\/08\/logo-pf-befogado-allo.jpg\"><img decoding=\"async\" loading=\"lazy\" class=\" wp-image-1955 alignleft\" src=\"https:\/\/peoplefirst.hu\/wp-content\/uploads\/2021\/08\/logo-pf-befogado-allo-150x150.jpg\" alt=\"\" width=\"224\" height=\"224\" srcset=\"https:\/\/peoplefirst.hu\/wp-content\/uploads\/2021\/08\/logo-pf-befogado-allo-150x150.jpg 150w, https:\/\/peoplefirst.hu\/wp-content\/uploads\/2021\/08\/logo-pf-befogado-allo-300x300.jpg 300w, https:\/\/peoplefirst.hu\/wp-content\/uploads\/2021\/08\/logo-pf-befogado-allo-768x768.jpg 768w, https:\/\/peoplefirst.hu\/wp-content\/uploads\/2021\/08\/logo-pf-befogado-allo-1024x1024.jpg 1024w, https:\/\/peoplefirst.hu\/wp-content\/uploads\/2021\/08\/logo-pf-befogado-allo-624x624.jpg 624w\" sizes=\"(max-width: 224px) 100vw, 224px\" \/><\/a>The People First Public Benefit Association has achieved their long-established dream and created a community space in downtown P\u00e9cs called BeFogad\u00f3, in English: InnClusive. Its primary goal is social inclusion and support of independent living.<br \/>\n<\/span><span style=\"font-weight: 400;\">Even with its name we\u2019d like to encourage people to come inside for a coffee, tea, to chat, take part in activities where <em>we could get to know each other as people with disabilities and the non-disabled.<\/em><br \/>\nWe\u2019re giving expert advice on accessibility, barrier-free tourism and about shaping independent living.\u00a0<\/span><\/p>\n<p><span style=\"font-weight: 400;\">Let\u2019s amaze each other with our habits, abilities, even virtues and disadvantages.<br \/>\n<em>Let\u2019s live together in P\u00e9cs, not next to each other!<\/em>\u00a0Our clubs, expert conversations, trainings, and events encourage these. There&#8217;s also seriousness and laughter here. Exciting right?<\/span><\/p>\n<p><span style=\"font-weight: 400;\"><a href=\"https:\/\/peoplefirst.hu\/wp-content\/uploads\/2021\/05\/Logo-Aktion-Mensch.png\"><img decoding=\"async\" loading=\"lazy\" class=\" wp-image-1645 alignleft\" src=\"https:\/\/peoplefirst.hu\/wp-content\/uploads\/2021\/05\/Logo-Aktion-Mensch-150x150.png\" alt=\"\" width=\"220\" height=\"220\" \/><\/a>With the support of the German project Aktion Mensch, we first created our community space supporting independent living\u00a0with our German partner organization VSBI in the House of Civil Communities and then we moved our headquarters to the Balok\u00e1ny-Pepita community space. <\/span><\/p>\n<p><span style=\"font-weight: 400;\"> We\u2019ve come up with many activities, but we\u2019d like to hear your comments and ideas, what programmes interest you, what you\u2019d like to do together with us! Write to us at the info@peoplefirst.hu email address!<\/span><\/p>\n<p><b>What project helped form InnClusive?<br \/>\n<\/b><span style=\"font-weight: 400;\">Click here and read it, it\u2019s not too long:\u00a0<a href=\"https:\/\/peoplefirst.hu\/en\/blog-post\/aktion-mensch-onallo-eletvitel-kozpont-pecsett\/\">Project description<\/a><\/span><\/p>\n<p><b>Why InnClusive?<br \/>\n<\/b><span style=\"font-weight: 400;\">Isn&#8217;t that a fitting name? We can thank Hilda Kerekes, our board member for it.<br \/>\n<\/span><span style=\"font-weight: 400;\">It says it all about our goals: all of our programs are inclusive, meaning able bodied and disabled people can enjoy them together. Moreover, we are broadening our already wide target group a bit: we are also involving NGOs that bring together the elderly and families with young children.<\/span><\/p>\n<p><b>Where are we?<br \/>\n<\/b>WE MOVED!<br \/>\nFrom 1. December 2022. we are waiting for you in a completely barrier-free, easily accessible, beautiful place, in one of the most beautiful city parks of P\u00e9cs, in the Balok\u00e1ny Grove. The park is also referred to as the &#8220;green heart of P\u00e9cs&#8221;. In the middle of the park stands a polygonal building called Pepita, where we found a larger, more comfortable place for our BeFogad\u00f3\/InnClusive community space.\u00a0 The entryway, the indoor location, the accessible toilet can be used completely independently even with a wheelchair, like the park itself.<br \/>\nYou can find a description of the one and a half hectare park with a fountain in our Barrier-free P\u00e9cs database here in English as well:\u00a0<a href=\"https:\/\/peoplefirst.hu\/en\/directory\/barrier-free-pecs\/balokany-grove\/\">Balok\u00e1ny grove in the database<\/a><br \/>\nOur neighborhood is exciting: on the right is the world-class concert hall, the Kod\u00e1ly Center, next to it immediately is the Tud\u00e1sk\u00f6zpont, which is a learning-library-conference complex. On the other side is the Faculty of Arts of the University of P\u00e9cs. Across the street is the &#8220;Hungaricum&#8221; Zsolnay Quarter with its fantastic sights and park.<\/p>\n<p><b>When can you find us here?<br \/>\n<\/b><span style=\"font-weight: 400;\">With our programs we try to adapt to all your needs, so it is easiest to follow us on our Facebook page and you will always be up to date on InnClusive case (too). Or you can write us an email and we will definitely respond \ud83d\ude42<br \/>\nPeople First Association Facebook page:\u00a0<\/span><a href=\"https:\/\/www.facebook.com\/PeopleFirstHun\"><span style=\"font-weight: 400;\">https:\/\/www.facebook.com\/PeopleFirstHun<\/span><\/a><br \/>\nThe separate Facebook page of the InnClusive:\u00a0<a href=\"https:\/\/www.facebook.com\/befogado\">https:\/\/www.facebook.com\/befogado<\/a><br \/>\n<span style=\"font-weight: 400;\">Or email us: info@peoplefirst.hu<\/span><\/p>\n<p><b>How do you get here?<br \/>\n<\/b><span style=\"font-weight: 400;\">Exact address: 7622 P\u00e9cs, Zsolnay Vilmos utca 12., Balok\u00e1ny-Pepita community place<\/span><\/p>\n<p><em>If you come by bus<\/em>, there are many, many buses that stop right in front of Balok\u00e1ny Grove, you have to get off at the &#8220;Zsolnay Negyed&#8221; bus stop. Buses arriving here: 2,2a,102,60,60y,60a,4,4y, 104, 13,14,15, 20,21,121, 913<br \/>\nAlmost all of the buses are accessible in P\u00e9cs.<br \/>\nNext to the bus stop, you can immediately take a staircase down to the Balok\u00e1ny-liget park. With a wheelchair, you can roll down to the park from the bus stop either towards the Kod\u00e1ly Center, or in the other direction, towards the University&#8217;s Faculty of Arts towards the overpass. Across the park you can see the Pepita building, we are waiting you there. This is 2 minutes from the bus stop.<\/p>\n<p><em>If you come on foot,<\/em> from the city center come through 48-as t\u00e9r, along the Tud\u00e1sk\u00f6zpont and the Kod\u00e1ly center. The sidewalk is completely barrier-free, it is also equipped with guide lanes for the visually impaired. If you would like to come from the \u00c1rk\u00e1d shopping center, we recommend the side opposite to the university with a wheelchair, stroller, it is barrier-free.<\/p>\n<p><em>If you come by car<\/em>, you will find an accessible parking lot right next to the Pepita building, and another 4 pieces 20 meters away, in the rear parking lot of the Kod\u00e1ly Center. There are also a number of non-accessible parking lots in the front and back parking lots of the Kod\u00e1ly Center.<\/p>\n<p><span style=\"font-weight: 400;\"><a href=\"https:\/\/www.google.hu\/maps\/place\/Balok%C3%A1ny+Liget\/@46.0770433,18.2447362,17z\/data=!4m5!3m4!1s0x4742b10de9cb06ab:0xe50887a67b8aa84!8m2!3d46.0756702!4d18.2459915?hl=hu&amp;authuser=0\">Click here for the map<\/a><br \/>\n<\/span><\/p>\n<p><b>Our programs for example:<\/b><\/p>\n<p><em>Clubs<\/em> like parent club, film club, literary club, writer-reader meetings, creative activities&#8230;<\/p>\n<p><em>Trainings<\/em>, whether we help you with CV writing, legislation or tax matters, but we also hold trainings in accessible tourism, just let us know your need. We ourselves train our team for example on communication and marketing topics, sometimes it is possible to connect to these as well.<\/p>\n<p><em>Workshops<\/em> on a wide range of topics, which of course are always related to independent living, accessibility, accessible tourism, and\u00a0transferable good practices.<\/p>\n<p><em>Other events.<\/em> These can be anything you need or have an idea for, such as exhibitions and auctions of art products for people with disabilities, massages, accessible excursions, international events, sound bowls or reiki, physiotherapy, and here comes a long list of points, because we are open to many things&#8230;&#8230;. <strong>we are happy if you indicate what you would like to come for, what interests you!<\/strong><\/p>\n<p>Short news report on P\u00e9csTV about our new location:\u00a0<a href=\"https:\/\/youtu.be\/J2vmRJ_ShgY\">P\u00e9csTV News<\/a><br \/>\nA short nice video about\u00a0how we gardened for example, even at our old location:\u00a0<a href=\"https:\/\/www.youtube.com\/watch?v=MU_nOUhrEAI\">Youtube Gardening in InnClusive<\/a><br \/>\nYou can find more cool short videos on our Youtube channel:\u00a0<a href=\"https:\/\/www.youtube.com\/channel\/UCVGNxSt-CPxT716TUM8lsvg\/featured\">Youtube channel People First<\/a><\/p>\n<p>&nbsp;<\/p>\n<p>&nbsp;<\/p>\n","protected":false},"excerpt":{"rendered":"<p>The People First Public Benefit Association has achieved their long-established dream and created a community space in downtown P\u00e9cs called BeFogad\u00f3, in English: InnClusive. Its primary goal is social inclusion and support of independent living. Even with its name we\u2019d like to encourage people to come inside for a coffee, tea, to chat, take part [&hellip;]<\/p>\n","protected":false},"author":11,"featured_media":0,"parent":0,"menu_order":0,"comment_status":"closed","ping_status":"closed","template":"","meta":{"_monsterinsights_skip_tracking":false,"_monsterinsights_sitenote_active":false,"_monsterinsights_sitenote_note":"","_monsterinsights_sitenote_category":0,"_uf_show_specific_survey":0,"_uf_disable_surveys":false,"footnotes":""},"aioseo_notices":[],"_links":{"self":[{"href":"https:\/\/peoplefirst.hu\/en\/wp-json\/wp\/v2\/pages\/3576"}],"collection":[{"href":"https:\/\/peoplefirst.hu\/en\/wp-json\/wp\/v2\/pages"}],"about":[{"href":"https:\/\/peoplefirst.hu\/en\/wp-json\/wp\/v2\/types\/page"}],"author":[{"embeddable":true,"href":"https:\/\/peoplefirst.hu\/en\/wp-json\/wp\/v2\/users\/11"}],"replies":[{"embeddable":true,"href":"https:\/\/peoplefirst.hu\/en\/wp-json\/wp\/v2\/comments?post=3576"}],"version-history":[{"count":1,"href":"https:\/\/peoplefirst.hu\/en\/wp-json\/wp\/v2\/pages\/3576\/revisions"}],"predecessor-version":[{"id":6115,"href":"https:\/\/peoplefirst.hu\/en\/wp-json\/wp\/v2\/pages\/3576\/revisions\/6115"}],"wp:attachment":[{"href":"https:\/\/peoplefirst.hu\/en\/wp-json\/wp\/v2\/media?parent=3576"}],"curies":[{"name":"wp","href":"https:\/\/api.w.org\/{rel}","templated":true}]}}