{"id":6446,"date":"2024-11-14T20:55:00","date_gmt":"2024-11-14T18:55:00","guid":{"rendered":"https:\/\/peoplefirst.hu\/?page_id=6446"},"modified":"2025-07-16T21:34:01","modified_gmt":"2025-07-16T19:34:01","slug":"how-to-help","status":"publish","type":"page","link":"https:\/\/peoplefirst.hu\/en\/how-to-help\/","title":{"rendered":"How to help and how not to&#8230;"},"content":{"rendered":"<p>Members of People First Public Benefit Society with various disabilities write about how you can help &#8220;well&#8221;.<br \/>\nIf you read it, please pass it on!<\/p>\n<p><span style=\"font-size: 12pt;\"><strong>for someone with a physical disability<\/strong><\/span><\/p>\n<p>The most important thing is to never do anything without asking first!<\/p>\n<p>The &#8220;rush into and push without thinking&#8221; boost can result in an accident. It\u2019s easier to tip someone out of a wheelchair than you might think. First, ask if they need any assistance, and if so, how you can help.<\/p>\n<p>What should you keep in mind if the person is using a cane or a wheelchair? It\u2019s not a silly question to ask how a wheelchair \u201cworks.\u201d<\/p>\n<p>Pay attention to the surroundings. Curbs, slopes, potholes, and stairs can all be challenging.<\/p>\n<p>But the most important thing is communication. The disabled person will be able to tell you how you can help. Some people may have speech that\u2019s harder to understand, but they have their own way of communicating. Otherwise, they wouldn\u2019t be out on their own.<\/p>\n<p><span style=\"font-size: 12pt;\"><strong>for someone with a hearing impairment<\/strong><\/span><\/p>\n<ol>\n<li>Try to catch the attention of the deaf or hard-of-hearing person. Address them directly and try to make eye contact. If this isn\u2019t possible, gently touch their shoulder.<\/li>\n<li>Position yourself properly! Stand directly in front of the person, a bit further away than usual (about 1.5-2 meters), so that not only your face but also other elements of your body language (such as your hand gestures) are more visible. Make sure you\u2019re facing the light source, so your face is well-lit and shadow-free.<\/li>\n<li>Indicate what you want to talk about! For those who lip-read, knowing the topic helps them identify words more easily. If you change topics, let them know!<\/li>\n<li>Speak clearly and understandably! Don\u2019t raise your voice, as this changes your mouth\u2019s movements and makes lip-reading more difficult. Keep a normal loudness, but try to listen for clear pronunciation. Use shorter, simpler sentences. Speak a bit more slowly, pausing slightly longer, as it takes extra time for people with hearing impairments to interpret cues from lip movements, body language, and context.<\/li>\n<li>Maintain eye contact! Facial expressions and lip movements are crucial for most people with hearing loss (also for many people who are hard of hearing), so make sure these are visible. Don\u2019t look down at your phone or turn away when pointing.<\/li>\n<li>Use your body! You can communicate a lot with facial expressions, gestures, and a bit of pantomime, so feel free to use these. For example, raise your eyebrows if you\u2019re asking a question. Keep gestures clear, though avoid exaggeration.<\/li>\n<li>Check for understanding! Periodically confirm that the person has understood you. Ask questions that require more than yes or no answers (Do you understand me?), feel free to ask a question that needs to be answered with a few words or gestures (e.g. So, how many copies of the documents are needed?).<\/li>\n<li>If communication fails, switch to writing, using paper and pen or a smartphone.<\/li>\n<\/ol>\n<p><span style=\"font-size: 12pt;\">Communicating with an interpreter<\/span><\/p>\n<ol>\n<li>Always face the deaf person during the conversation, not the interpreter!<\/li>\n<li>Keep in mind that interpreters relay information with a slight delay. Pause to allow time for the interpreter to convey new information.<\/li>\n<\/ol>\n<p>Source: <a href=\"https:\/\/www.hogyankell.hu\/Kommunik%C3%A1lni_egy_hall%C3%A1ss%C3%A9r%C3%BClt_emberrel\" target=\"_new\" rel=\"noopener\">How to communicate with a hearing-impaired person<\/a><\/p>\n<p><span style=\"font-size: 12pt;\"><strong>for someone with a visual impairment<\/strong><\/span><\/p>\n<p>With visually impaired individuals it\u2019s also essential to ask everything! First, ask if they need assistance? If the answer yes, and he or she has told you what we can do to help, the next and most important question is: <em>how<\/em> can we help?<\/p>\n<p>Not all visually impaired individuals are the same, and we may prefer different types of assistance. Two common ways are linking arms with the guide or placing a hand on the guide\u2019s shoulder.<\/p>\n<p>What is also important is that the visually impaired person does not see that the prospective helper wants to talk to them. The simplest way to do this (because you don&#8217;t necessarily know his\/her name the first time you meet him\/her as a stranger on the street) is to gently touch them on the shoulder or elbow.<\/p>\n<p>Also, don&#8217;t be scared because the visually impaired person doesn&#8217;t make eye contact with us, turn to them, because they feel that we are listening to them as we talk to them.<\/p>\n<p>In summary: never assist without asking, as this can create awkward situations.<br \/>\nLet me give a typical personal example: I&#8217;m standing at a crosswalk, a stranger walks up to me, grabs my hand without question, or just grabs my clothes, and starts dragging me across the crosswalk.\u00a0I may not have wanted to cross; I could have been waiting for someone. I was waiting for a friend, for example. Therefore, always ask the visually impaired person what they want and whether they need help at all, and never drag them along, don&#8217;t push them by the shoulders.<\/p>\n<p>Finally, if the person declines assistance, don\u2019t be offended; they may be able to manage independently and aren\u2019t rejecting you personally.<\/p>\n<p><span style=\"font-size: 12pt;\"><strong>for someone with autism<\/strong><\/span><\/p>\n<p>In the case of events, I think it is most helpful for the autistic participant to have online, visual orientation, to have the opportunity to contact the facilitators before the event.<\/p>\n<p>We are also diverse. Specific needs can be discussed during a preliminary orientation. Please note: it is not a problem at all for a person with autism to wear sound filtering devices, or to avoid activities that smell unpleasant and involve touch fingers.<\/p>\n<p>When giving directions, use visual cues: instead of \u201cgo straight for 100 meters and turn left,\u201d say, \u201cgo straight and look for the sign by the pier\u201d or \u201cthe brown wooden building is the Medvehagyma House; you\u2019ll find the program there.\u201d You may need to accompany them. This type of guidance can often help non-autistic people as well.<\/p>\n<p>Unless absolutely necessary, DO NOT touch and DO NOT force eye contact.<\/p>\n<p>If I \u201cstim\u201d (like hand-flapping, rocking, or swaying), there&#8217;s nothing to be afraid of &#8211; and it&#8217;s forbidden to stop it, to hold it down. This is how I feel happy\/excited\/working off a lot of stimuli\/relaxing. Harmful stims (like head-banging or biting) should be gently redirected; find my companion if you need help.<\/p>\n<p>If I seem to need help, avoid touching me and don&#8217;t force eye contact. If you know my name (from a name tag, for example), use it to get my attention, ask me to try to listen to you, ask me what you can do for me. If I\u2019m overstimulated or in distress, take care of me, so that I don&#8217;t have an accident, so that I don&#8217;t harm myself or others &#8211; but at the same time be gentle. Find my support person, if possible. Guide me to a quiet place. If you need it, look after me until my helper arrives or until I feel better. Please keep well-meaning but uninformed people (also) away from me.<\/p>\n<p>Encourage a \u201cbear hug\u201d. This means you have to hold it very tightly (but not to the point of cracking) over a large surface area. My favorite is when my helper holds me against his chest and puts as much pressure as he can on my back and upper arms with his arms. Many of us like a bit of pressure on our backs and upper arms (weighted blanket, weight vest, a nice soft blanket, a bear hug, a gentle massaging).<\/p>\n<p>It\u2019s often helpful if you keep your communication simple, logical, and clear, without speaking too fast. Some of us may stare at your mouth to lip-read, especially when background noise makes it hard to understand. If we make faces, we\u2019re just concentrating.<\/p>\n<p>Wait for us to process information before you share more.<\/p>\n<p>We might not talk with our mouths, but with pointing, cards, apps, sign language, writing. This may be unusual, but it can be recognised and understood. If you\u2019re unfamiliar with our communication style, use your own method as described above (simple, easy to understand, but not baby talk).<\/p>\n<p><span style=\"font-size: 12pt;\"><strong>for someone with an intellectual disability<\/strong><\/span><\/p>\n<p>When speaking with a person with an intellectual disability, express yourself simply and enunciate clearly. Discuss only one thing at a time, using short, straightforward sentences.<\/p>\n<p>Check if they\u2019re following what you\u2019re saying. If he&#8217;s slow to do what we ask, wait patiently and encourage him that he can do it.<\/p>\n<p>Of course, it all depends on the severity of the disability. Above all, kindness, attention, and compassion are key!<\/p>\n<p><span style=\"color: #ff0000;\"><strong>Thank you if you share it, but as this useful little material was written by members of the People First Association, please do so with attribution only!<\/strong><\/span><\/p>\n<p><i><strong><span style=\"font-size: 12pt;\"><span class=\"x1xsqp64 xiy17q3 x1o6pynw x19co3pv xdj266r xcwd3tp xat24cr x39eecv x2b8uid\" data-testid=\"emoji\"><span class=\"xexx8yu xn5pp95 x18d9i69 x2fxd7x x3jgonx x1bhl96m\">\u2764\ufe0f<\/span><\/span>Many thanks to the disabled members of our association for their professional training based on their own experience:<br \/>\n<\/span><br \/>\n<\/strong><\/i><i><\/i><strong><i>Gerg\u0151 Berkes,<br \/>\nKrisztina Koltai,<br \/>\n<\/i><\/strong><strong><i>Evelin Alm\u00e1di,<br \/>\nHilda Kerekes,<br \/>\nSzandra Heged\u0171s<\/i><\/strong><\/p>\n<p><a href=\"https:\/\/peoplefirst.hu\/wp-content\/uploads\/2023\/08\/Logo.jpg\"><img decoding=\"async\" loading=\"lazy\" class=\" wp-image-3126\" src=\"https:\/\/peoplefirst.hu\/wp-content\/uploads\/2023\/08\/Logo-300x300.jpg\" alt=\"A People First Egyes\u00fclet logoj\u00e1t l\u00e1tjuk. Feh\u00e9r n\u00e9gyzet, fekete bet\u0171kkel a felirat People First HU, alatta Az ember az els\u0151. A sz\u00f6veg el\u0151tt egy egyes sz\u00e1mot l\u00e1tunk, aminek a tetej\u00e9n kis p\u00f6tty tal\u00e1lhat\u00f3, \u00fagy n\u00e9z ki, mint egy emberke. A First sz\u00f3 I bet\u0171je pedig n\u00e9gy sz\u00ednb\u0151l \u00e1ll, ahogy a logo alj\u00e1n a n\u00e9gy ikon is, melyek a n\u00e9gy alap fogyat\u00e9koss\u00e1got \u00e1br\u00e1zolj\u00e1k. Balr\u00f3l jobbra: kerekessz\u00e9kes, k\u00e9t ember egym\u00e1ssal besz\u00e9l, f\u00fcl \u00e1th\u00fazva, \u00e9s szem \u00e1th\u00fazva.\" width=\"176\" height=\"176\" srcset=\"https:\/\/peoplefirst.hu\/wp-content\/uploads\/2023\/08\/Logo-300x300.jpg 300w, https:\/\/peoplefirst.hu\/wp-content\/uploads\/2023\/08\/Logo-150x150.jpg 150w, https:\/\/peoplefirst.hu\/wp-content\/uploads\/2023\/08\/Logo.jpg 591w\" sizes=\"(max-width: 176px) 100vw, 176px\" \/><\/a><\/p>\n<p>&nbsp;<\/p>\n<p>&nbsp;<\/p>\n","protected":false},"excerpt":{"rendered":"<p>Members of People First Public Benefit Society with various disabilities write about how you can help &#8220;well&#8221;. If you read it, please pass it on! for someone with a physical disability The most important thing is to never do anything without asking first! The &#8220;rush into and push without thinking&#8221; boost can result in an [&hellip;]<\/p>\n","protected":false},"author":11,"featured_media":0,"parent":0,"menu_order":0,"comment_status":"closed","ping_status":"closed","template":"","meta":{"_monsterinsights_skip_tracking":false,"_monsterinsights_sitenote_active":false,"_monsterinsights_sitenote_note":"","_monsterinsights_sitenote_category":0,"_uf_show_specific_survey":0,"_uf_disable_surveys":false,"footnotes":""},"aioseo_notices":[],"_links":{"self":[{"href":"https:\/\/peoplefirst.hu\/en\/wp-json\/wp\/v2\/pages\/6446"}],"collection":[{"href":"https:\/\/peoplefirst.hu\/en\/wp-json\/wp\/v2\/pages"}],"about":[{"href":"https:\/\/peoplefirst.hu\/en\/wp-json\/wp\/v2\/types\/page"}],"author":[{"embeddable":true,"href":"https:\/\/peoplefirst.hu\/en\/wp-json\/wp\/v2\/users\/11"}],"replies":[{"embeddable":true,"href":"https:\/\/peoplefirst.hu\/en\/wp-json\/wp\/v2\/comments?post=6446"}],"version-history":[{"count":9,"href":"https:\/\/peoplefirst.hu\/en\/wp-json\/wp\/v2\/pages\/6446\/revisions"}],"predecessor-version":[{"id":6796,"href":"https:\/\/peoplefirst.hu\/en\/wp-json\/wp\/v2\/pages\/6446\/revisions\/6796"}],"wp:attachment":[{"href":"https:\/\/peoplefirst.hu\/en\/wp-json\/wp\/v2\/media?parent=6446"}],"curies":[{"name":"wp","href":"https:\/\/api.w.org\/{rel}","templated":true}]}}